{"id":42,"date":"2021-01-08T10:10:04","date_gmt":"2021-01-08T09:10:04","guid":{"rendered":"https:\/\/bianka-gause.de\/psychologische-beratung\/?page_id=42"},"modified":"2025-07-18T14:04:29","modified_gmt":"2025-07-18T12:04:29","slug":"psychologische-beratung-kosten-leistungen","status":"publish","type":"page","link":"https:\/\/bianka-gause.de\/psychologische-beratung\/psychologische-beratung-kosten-leistungen\/","title":{"rendered":"Leistungen, Qualifikationen und Kosten in der psychologischen Beratung"},"content":{"rendered":"\n<div class=\"wp-block-group\"><div class=\"wp-block-group__inner-container is-layout-flow wp-block-group-is-layout-flow\">\n<p style=\"font-size:18px\"><strong>Meine Leistungen f\u00fcr Sie in der Psychologischen Beratung:<\/strong><\/p>\n\n\n\n<p style=\"font-size:18px\">Konflikte treten in allen Lebensbereichen auf. Hierzu geh\u00f6ren u.a. Konflikte im partnerschaftlichen und famili\u00e4ren Umfeld, als auch im beruflichen Kontext.<\/p>\n\n\n\n<p style=\"font-size:18px\">Manchmal sind diese Konflikte zu sehr verwoben, so dass eine L\u00f6sung nicht m\u00f6glich erscheint.<\/p>\n\n\n\n<p style=\"font-size:18px\">Gemeinsam erarbeiten wir Wege,&nbsp;wie Sie mit diesen Problemen umgehen k\u00f6nnen&nbsp;und&nbsp;definieren neue Ziele f\u00fcr Sie.&nbsp;Die Ausarbeitung dieser Ziele und auch unsere Gespr\u00e4chsbasis wird dabei sehr bildlich gepr\u00e4gt sein.&nbsp;Weiterhin unterst\u00fctze ich Sie mit Methoden aus der Systemischen Beratung und dem \u201eInneren Team\u201c von Schulz von Thun.<\/p>\n\n\n\n<p style=\"font-size:18px\"><strong>Nachdem Sie mit mir Kontakt aufgenommen haben, vereinbaren wir einen ersten gemeinsamen kostenlosen Termin von&nbsp;45 Minuten<\/strong>.<\/p>\n\n\n\n<p style=\"font-size:18px\">Bei diesem Erstgespr\u00e4ch lernen wir uns kennen und Sie stellen mir Ihr Anliegen vor.&nbsp;<\/p>\n\n\n\n<p style=\"font-size:18px\">Danach entscheiden gemeinsam, ob und wie wir zuk\u00fcnftig miteinander arbeiten werden.<\/p>\n\n\n\n<p style=\"font-size:18px\"><strong>Meine Kompetenzen f\u00fcr Sie in der Psychologischen Beratung:<\/strong><\/p>\n\n\n\n<p style=\"font-size:18px\"><strong>Heilpraktikerin f\u00fcr Psychotherapie<\/strong><\/p>\n\n\n\n<p style=\"font-size:18px\"><strong>Systemische Beraterin<\/strong> im Institut f\u00fcr systemische Studien ISS Hamburg<\/p>\n\n\n\n<p style=\"font-size:18px\"><strong>Bachelor of Science Psychologie<\/strong><\/p>\n\n\n\n<p style=\"font-size:18px\"><strong>Master of Science Psychologie<\/strong><\/p>\n\n\n\n<p style=\"font-size:18px\"><strong>NLP-Master<\/strong><\/p>\n\n\n\n<p style=\"font-size:18px\">Zusatzausbildung: \u201eGrundkurs Kommunikation: Modelle und Methoden\u201c beim Institut f\u00fcr Kommunikation Schulz von Thun<\/p>\n\n\n\n<p style=\"font-size:18px\">Ausbildung Kommunikationspsychologische Standard\u00fcbungen und \u2013interventionen<\/p>\n\n\n\n<p style=\"font-size:18px\">Kompetenzseminar \u201eTrauma erkennen, Trauma begleiten\u201c<\/p>\n\n\n\n<hr class=\"wp-block-separator has-css-opacity\"\/>\n<\/div><\/div>\n\n\n\n<p style=\"font-size:18px\"><strong>Rahmenbedingungen und Kosten:<\/strong><\/p>\n\n\n\n<p style=\"font-size:18px\">Eine Therapiesitzung dauert 60 Minuten.<\/p>\n\n\n\n<p style=\"font-size:18px\">Vereinbarte Termine sind verbindlich und k\u00f6nnen 24 Stunden vorher kostenlos telefonisch abgesagt werden.<\/p>\n\n\n\n<p style=\"font-size:18px\">Bei kurzfristigen Absagen oder bei&nbsp;Nichteinhaltung&nbsp;des Termins f\u00e4llt eine&nbsp;Ausfallzahlung in H\u00f6he des Honorars&nbsp;an.<\/p>\n\n\n\n<p style=\"font-size:18px\"><strong>Honorar:<\/strong><\/p>\n\n\n\n<p style=\"font-size:18px\">Erstgespr\u00e4ch <strong>45 Minuten<\/strong> = <strong>kostenlos<\/strong><\/p>\n\n\n\n<p style=\"font-size:18px\">Einzelgespr\u00e4ch 60 Minuten = 80 Euro, jede weitere angefangene halbe Stunde 40 Euro.<\/p>\n","protected":false},"excerpt":{"rendered":"<p>Meine Leistungen f\u00fcr Sie in der Psychologischen Beratung: Konflikte treten in allen Lebensbereichen auf. Hierzu geh\u00f6ren u.a. Konflikte im partnerschaftlichen und famili\u00e4ren Umfeld, als auch im beruflichen Kontext. Manchmal sind diese Konflikte zu sehr verwoben, so dass eine L\u00f6sung nicht m\u00f6glich erscheint. Gemeinsam erarbeiten wir Wege,&nbsp;wie Sie mit diesen Problemen umgehen k\u00f6nnen&nbsp;und&nbsp;definieren neue Ziele f\u00fcr &hellip; <\/p>\n<p class=\"link-more\"><a href=\"https:\/\/bianka-gause.de\/psychologische-beratung\/psychologische-beratung-kosten-leistungen\/\" class=\"more-link\"><span class=\"screen-reader-text\">\u201eLeistungen, Qualifikationen und Kosten in der psychologischen Beratung\u201c<\/span> weiterlesen<\/a><\/p>\n","protected":false},"author":2,"featured_media":0,"parent":0,"menu_order":0,"comment_status":"closed","ping_status":"closed","template":"","meta":{"footnotes":""},"class_list":["post-42","page","type-page","status-publish","hentry"],"yoast_head":"<!-- This site is optimized with the Yoast SEO plugin v27.3 - https:\/\/yoast.com\/product\/yoast-seo-wordpress\/ -->\n<title>Bianka Gause Psychologische Beratung in Hamburg Eimsb\u00fcttel<\/title>\n<meta name=\"description\" content=\"Was kostet psychologische Beratung in Hamburg? Welche Leistungen bekomme ich in der psychologischen Beratung? Qualifikationen meiner Beraterin\" \/>\n<meta name=\"robots\" content=\"index, follow, max-snippet:-1, max-image-preview:large, max-video-preview:-1\" \/>\n<link rel=\"canonical\" href=\"https:\/\/bianka-gause.de\/psychologische-beratung\/psychologische-beratung-kosten-leistungen\/\" \/>\n<meta property=\"og:locale\" content=\"de_DE\" \/>\n<meta property=\"og:type\" content=\"article\" \/>\n<meta property=\"og:title\" content=\"Bianka Gause Psychologische Beratung in Hamburg Eimsb\u00fcttel\" \/>\n<meta property=\"og:description\" content=\"Was kostet psychologische Beratung in Hamburg? Welche Leistungen bekomme ich in der psychologischen Beratung? Qualifikationen meiner Beraterin\" \/>\n<meta property=\"og:url\" content=\"https:\/\/bianka-gause.de\/psychologische-beratung\/psychologische-beratung-kosten-leistungen\/\" \/>\n<meta property=\"og:site_name\" content=\"Bianka Gause Psychologische Beratung in Hamburg Eimsb\u00fcttel\" \/>\n<meta property=\"article:modified_time\" content=\"2025-07-18T12:04:29+00:00\" \/>\n<meta name=\"twitter:card\" content=\"summary_large_image\" \/>\n<meta name=\"twitter:label1\" content=\"Gesch\u00e4tzte Lesezeit\" \/>\n\t<meta name=\"twitter:data1\" content=\"2\u00a0Minuten\" \/>\n<script type=\"application\/ld+json\" class=\"yoast-schema-graph\">{\"@context\":\"https:\\\/\\\/schema.org\",\"@graph\":[{\"@type\":\"WebPage\",\"@id\":\"https:\\\/\\\/bianka-gause.de\\\/psychologische-beratung\\\/psychologische-beratung-kosten-leistungen\\\/\",\"url\":\"https:\\\/\\\/bianka-gause.de\\\/psychologische-beratung\\\/psychologische-beratung-kosten-leistungen\\\/\",\"name\":\"Bianka Gause Psychologische Beratung in Hamburg Eimsb\u00fcttel\",\"isPartOf\":{\"@id\":\"https:\\\/\\\/bianka-gause.de\\\/psychologische-beratung\\\/#website\"},\"datePublished\":\"2021-01-08T09:10:04+00:00\",\"dateModified\":\"2025-07-18T12:04:29+00:00\",\"description\":\"Was kostet psychologische Beratung in Hamburg? Welche Leistungen bekomme ich in der psychologischen Beratung? Qualifikationen meiner Beraterin\",\"breadcrumb\":{\"@id\":\"https:\\\/\\\/bianka-gause.de\\\/psychologische-beratung\\\/psychologische-beratung-kosten-leistungen\\\/#breadcrumb\"},\"inLanguage\":\"de\",\"potentialAction\":[{\"@type\":\"ReadAction\",\"target\":[\"https:\\\/\\\/bianka-gause.de\\\/psychologische-beratung\\\/psychologische-beratung-kosten-leistungen\\\/\"]}]},{\"@type\":\"BreadcrumbList\",\"@id\":\"https:\\\/\\\/bianka-gause.de\\\/psychologische-beratung\\\/psychologische-beratung-kosten-leistungen\\\/#breadcrumb\",\"itemListElement\":[{\"@type\":\"ListItem\",\"position\":1,\"name\":\"Startseite\",\"item\":\"https:\\\/\\\/bianka-gause.de\\\/psychologische-beratung\\\/\"},{\"@type\":\"ListItem\",\"position\":2,\"name\":\"Leistungen, Qualifikationen und Kosten in der psychologischen Beratung\"}]},{\"@type\":\"WebSite\",\"@id\":\"https:\\\/\\\/bianka-gause.de\\\/psychologische-beratung\\\/#website\",\"url\":\"https:\\\/\\\/bianka-gause.de\\\/psychologische-beratung\\\/\",\"name\":\"Bianka Gause Psychologische Beratung in Hamburg Eimsb\u00fcttel\",\"description\":\"Ich h\u00f6re Ihnen zu.\",\"publisher\":{\"@id\":\"https:\\\/\\\/bianka-gause.de\\\/psychologische-beratung\\\/#\\\/schema\\\/person\\\/34f80142b450ce89933b08bd5a0b172d\"},\"potentialAction\":[{\"@type\":\"SearchAction\",\"target\":{\"@type\":\"EntryPoint\",\"urlTemplate\":\"https:\\\/\\\/bianka-gause.de\\\/psychologische-beratung\\\/?s={search_term_string}\"},\"query-input\":{\"@type\":\"PropertyValueSpecification\",\"valueRequired\":true,\"valueName\":\"search_term_string\"}}],\"inLanguage\":\"de\"},{\"@type\":[\"Person\",\"Organization\"],\"@id\":\"https:\\\/\\\/bianka-gause.de\\\/psychologische-beratung\\\/#\\\/schema\\\/person\\\/34f80142b450ce89933b08bd5a0b172d\",\"name\":\"Bianka Gause\",\"image\":{\"@type\":\"ImageObject\",\"inLanguage\":\"de\",\"@id\":\"https:\\\/\\\/bianka-gause.de\\\/psychologische-beratung\\\/wp-content\\\/uploads\\\/2021\\\/01\\\/Bianka-Gause-1.jpeg\",\"url\":\"https:\\\/\\\/bianka-gause.de\\\/psychologische-beratung\\\/wp-content\\\/uploads\\\/2021\\\/01\\\/Bianka-Gause-1.jpeg\",\"contentUrl\":\"https:\\\/\\\/bianka-gause.de\\\/psychologische-beratung\\\/wp-content\\\/uploads\\\/2021\\\/01\\\/Bianka-Gause-1.jpeg\",\"width\":233,\"height\":320,\"caption\":\"Bianka Gause\"},\"logo\":{\"@id\":\"https:\\\/\\\/bianka-gause.de\\\/psychologische-beratung\\\/wp-content\\\/uploads\\\/2021\\\/01\\\/Bianka-Gause-1.jpeg\"},\"sameAs\":[\"https:\\\/\\\/bianka-gause.de\\\/psychologische-beratung\"]}]}<\/script>\n<!-- \/ Yoast SEO plugin. -->","yoast_head_json":{"title":"Bianka Gause Psychologische Beratung in Hamburg Eimsb\u00fcttel","description":"Was kostet psychologische Beratung in Hamburg? Welche Leistungen bekomme ich in der psychologischen Beratung? Qualifikationen meiner Beraterin","robots":{"index":"index","follow":"follow","max-snippet":"max-snippet:-1","max-image-preview":"max-image-preview:large","max-video-preview":"max-video-preview:-1"},"canonical":"https:\/\/bianka-gause.de\/psychologische-beratung\/psychologische-beratung-kosten-leistungen\/","og_locale":"de_DE","og_type":"article","og_title":"Bianka Gause Psychologische Beratung in Hamburg Eimsb\u00fcttel","og_description":"Was kostet psychologische Beratung in Hamburg? Welche Leistungen bekomme ich in der psychologischen Beratung? Qualifikationen meiner Beraterin","og_url":"https:\/\/bianka-gause.de\/psychologische-beratung\/psychologische-beratung-kosten-leistungen\/","og_site_name":"Bianka Gause Psychologische Beratung in Hamburg Eimsb\u00fcttel","article_modified_time":"2025-07-18T12:04:29+00:00","twitter_card":"summary_large_image","twitter_misc":{"Gesch\u00e4tzte Lesezeit":"2\u00a0Minuten"},"schema":{"@context":"https:\/\/schema.org","@graph":[{"@type":"WebPage","@id":"https:\/\/bianka-gause.de\/psychologische-beratung\/psychologische-beratung-kosten-leistungen\/","url":"https:\/\/bianka-gause.de\/psychologische-beratung\/psychologische-beratung-kosten-leistungen\/","name":"Bianka Gause Psychologische Beratung in Hamburg Eimsb\u00fcttel","isPartOf":{"@id":"https:\/\/bianka-gause.de\/psychologische-beratung\/#website"},"datePublished":"2021-01-08T09:10:04+00:00","dateModified":"2025-07-18T12:04:29+00:00","description":"Was kostet psychologische Beratung in Hamburg? Welche Leistungen bekomme ich in der psychologischen Beratung? Qualifikationen meiner Beraterin","breadcrumb":{"@id":"https:\/\/bianka-gause.de\/psychologische-beratung\/psychologische-beratung-kosten-leistungen\/#breadcrumb"},"inLanguage":"de","potentialAction":[{"@type":"ReadAction","target":["https:\/\/bianka-gause.de\/psychologische-beratung\/psychologische-beratung-kosten-leistungen\/"]}]},{"@type":"BreadcrumbList","@id":"https:\/\/bianka-gause.de\/psychologische-beratung\/psychologische-beratung-kosten-leistungen\/#breadcrumb","itemListElement":[{"@type":"ListItem","position":1,"name":"Startseite","item":"https:\/\/bianka-gause.de\/psychologische-beratung\/"},{"@type":"ListItem","position":2,"name":"Leistungen, Qualifikationen und Kosten in der psychologischen Beratung"}]},{"@type":"WebSite","@id":"https:\/\/bianka-gause.de\/psychologische-beratung\/#website","url":"https:\/\/bianka-gause.de\/psychologische-beratung\/","name":"Bianka Gause Psychologische Beratung in Hamburg Eimsb\u00fcttel","description":"Ich h\u00f6re Ihnen zu.","publisher":{"@id":"https:\/\/bianka-gause.de\/psychologische-beratung\/#\/schema\/person\/34f80142b450ce89933b08bd5a0b172d"},"potentialAction":[{"@type":"SearchAction","target":{"@type":"EntryPoint","urlTemplate":"https:\/\/bianka-gause.de\/psychologische-beratung\/?s={search_term_string}"},"query-input":{"@type":"PropertyValueSpecification","valueRequired":true,"valueName":"search_term_string"}}],"inLanguage":"de"},{"@type":["Person","Organization"],"@id":"https:\/\/bianka-gause.de\/psychologische-beratung\/#\/schema\/person\/34f80142b450ce89933b08bd5a0b172d","name":"Bianka Gause","image":{"@type":"ImageObject","inLanguage":"de","@id":"https:\/\/bianka-gause.de\/psychologische-beratung\/wp-content\/uploads\/2021\/01\/Bianka-Gause-1.jpeg","url":"https:\/\/bianka-gause.de\/psychologische-beratung\/wp-content\/uploads\/2021\/01\/Bianka-Gause-1.jpeg","contentUrl":"https:\/\/bianka-gause.de\/psychologische-beratung\/wp-content\/uploads\/2021\/01\/Bianka-Gause-1.jpeg","width":233,"height":320,"caption":"Bianka Gause"},"logo":{"@id":"https:\/\/bianka-gause.de\/psychologische-beratung\/wp-content\/uploads\/2021\/01\/Bianka-Gause-1.jpeg"},"sameAs":["https:\/\/bianka-gause.de\/psychologische-beratung"]}]}},"_links":{"self":[{"href":"https:\/\/bianka-gause.de\/psychologische-beratung\/wp-json\/wp\/v2\/pages\/42","targetHints":{"allow":["GET"]}}],"collection":[{"href":"https:\/\/bianka-gause.de\/psychologische-beratung\/wp-json\/wp\/v2\/pages"}],"about":[{"href":"https:\/\/bianka-gause.de\/psychologische-beratung\/wp-json\/wp\/v2\/types\/page"}],"author":[{"embeddable":true,"href":"https:\/\/bianka-gause.de\/psychologische-beratung\/wp-json\/wp\/v2\/users\/2"}],"replies":[{"embeddable":true,"href":"https:\/\/bianka-gause.de\/psychologische-beratung\/wp-json\/wp\/v2\/comments?post=42"}],"version-history":[{"count":2,"href":"https:\/\/bianka-gause.de\/psychologische-beratung\/wp-json\/wp\/v2\/pages\/42\/revisions"}],"predecessor-version":[{"id":207,"href":"https:\/\/bianka-gause.de\/psychologische-beratung\/wp-json\/wp\/v2\/pages\/42\/revisions\/207"}],"wp:attachment":[{"href":"https:\/\/bianka-gause.de\/psychologische-beratung\/wp-json\/wp\/v2\/media?parent=42"}],"curies":[{"name":"wp","href":"https:\/\/api.w.org\/{rel}","templated":true}]}}