{"id":2,"date":"2021-01-06T18:48:14","date_gmt":"2021-01-06T17:48:14","guid":{"rendered":"https:\/\/bianka-gause.de\/?page_id=2"},"modified":"2025-05-12T21:09:55","modified_gmt":"2025-05-12T19:09:55","slug":"psychologische-beratung-hamburg-bianka-gause","status":"publish","type":"page","link":"https:\/\/bianka-gause.de\/psychologische-beratung\/","title":{"rendered":"Psychologische Beratung Hamburg. Ich h\u00f6re Ihnen zu."},"content":{"rendered":"\n<p style=\"font-size:18px\">Herzlich Willkommen bei Bianka Gause, Ihrer Gespr\u00e4chspartnerin f\u00fcr Ihre Anliegen. <\/p>\n\n\n<div class=\"wp-block-image is-style-rounded\">\n<figure class=\"aligncenter size-full\"><img loading=\"lazy\" decoding=\"async\" width=\"233\" height=\"320\" src=\"https:\/\/bianka-gause.de\/psychologische-beratung\/wp-content\/uploads\/2021\/01\/Bianka-Gause-1.jpeg\" alt=\"Psychologische Beratung Bianka Gause\" class=\"wp-image-106\" srcset=\"https:\/\/bianka-gause.de\/psychologische-beratung\/wp-content\/uploads\/2021\/01\/Bianka-Gause-1.jpeg 233w, https:\/\/bianka-gause.de\/psychologische-beratung\/wp-content\/uploads\/2021\/01\/Bianka-Gause-1-218x300.jpeg 218w\" sizes=\"auto, (max-width: 233px) 100vw, 233px\" \/><\/figure>\n<\/div>\n\n\n<p style=\"font-size:18px\">Den ersten Schritt haben Sie bereits gemacht, Sie sind auf der Suche nach einer Beraterin, weil Sie sich in einer schwierigen Phase befinden. Ich h\u00f6re Ihnen zu und begleite Sie emphatisch und professionell durch Ihre Situation.<\/p>\n\n\n\n<p style=\"font-size:18px\">Als systemische Beraterin begleite ich Menschen in Konfliktsituationen, die sich in einer schwierigen Lebensphase befinden oder sich pers\u00f6nlich oder beruflich neu ausrichten m\u00f6chten.&nbsp;<\/p>\n\n\n\n<p style=\"font-size:18px\">Gerne helfe ich Ihnen dabei, Ihre positiven Kommunikationsm\u00f6glichkeiten und Verhaltensweisen wiederzuerlangen und gemeinsam erarbeiten wir positive Denk- und Verhaltensmuster.<\/p>\n\n\n\n<p style=\"font-size:18px\">Dabei unterst\u00fctze ich sie, M\u00f6glichkeiten zu erkennen oder wiederzuentdecken, Ziele zu entwickeln oder neu zu definieren, um einen neuen Blick auf die aktuelle Situation und die Probleme zu erlangen und L\u00f6sungswege zu finden. <\/p>\n\n\n\n<p style=\"font-size:18px\">Meine Arbeit basiert in erster Linie auf der Grundlage der systemischen Theorie &#8211; Therapie\/Beratung mit den systemischen Arbeitsweisen und Methoden.&nbsp;<\/p>\n\n\n\n<p style=\"font-size:18px\">Der systemische Ansatz erkl\u00e4rt das Verhalten von Menschen&nbsp;aus ihren Beziehungen und Interaktionen untereinander und zu ihrer Systemumwelt.&nbsp;Durch die Auseinandersetzung mit sich selbst, bzw. mit ihrer Umwelt k\u00f6nnen Muster erkannt und zielf\u00fchrend ver\u00e4ndert werden.<\/p>\n\n\n\n<hr class=\"wp-block-separator has-css-opacity aligncenter\"\/>\n","protected":false},"excerpt":{"rendered":"<p>Herzlich Willkommen bei Bianka Gause, Ihrer Gespr\u00e4chspartnerin f\u00fcr Ihre Anliegen. Den ersten Schritt haben Sie bereits gemacht, Sie sind auf der Suche nach einer Beraterin, weil Sie sich in einer schwierigen Phase befinden. Ich h\u00f6re Ihnen zu und begleite Sie emphatisch und professionell durch Ihre Situation. Als systemische Beraterin begleite ich Menschen in Konfliktsituationen, die &hellip; <\/p>\n<p class=\"link-more\"><a href=\"https:\/\/bianka-gause.de\/psychologische-beratung\/\" class=\"more-link\"><span class=\"screen-reader-text\">\u201ePsychologische Beratung Hamburg. Ich h\u00f6re Ihnen zu.\u201c<\/span> weiterlesen<\/a><\/p>\n","protected":false},"author":2,"featured_media":0,"parent":0,"menu_order":0,"comment_status":"closed","ping_status":"closed","template":"","meta":{"footnotes":""},"class_list":["post-2","page","type-page","status-publish","hentry"],"yoast_head":"<!-- This site is optimized with the Yoast SEO plugin v27.3 - https:\/\/yoast.com\/product\/yoast-seo-wordpress\/ -->\n<title>Psychologische Beratung Hamburg. Ich h\u00f6re Ihnen zu.<\/title>\n<meta name=\"description\" content=\"Sie befinden sich in einer schwierigen Phase? Ich h\u00f6re Ihnen zu und begleite Sie emphatisch und professionell durch Ihre Situation.\" \/>\n<meta name=\"robots\" content=\"index, follow, max-snippet:-1, max-image-preview:large, max-video-preview:-1\" \/>\n<link rel=\"canonical\" href=\"https:\/\/bianka-gause.de\/psychologische-beratung\/\" \/>\n<meta property=\"og:locale\" content=\"de_DE\" \/>\n<meta property=\"og:type\" content=\"article\" \/>\n<meta property=\"og:title\" content=\"Psychologische Beratung Hamburg. Ich h\u00f6re Ihnen zu.\" \/>\n<meta property=\"og:description\" content=\"Sie befinden sich in einer schwierigen Phase? Ich h\u00f6re Ihnen zu und begleite Sie emphatisch und professionell durch Ihre Situation.\" \/>\n<meta property=\"og:url\" content=\"https:\/\/bianka-gause.de\/psychologische-beratung\/\" \/>\n<meta property=\"og:site_name\" content=\"Bianka Gause Psychologische Beratung in Hamburg Eimsb\u00fcttel\" \/>\n<meta property=\"article:modified_time\" content=\"2025-05-12T19:09:55+00:00\" \/>\n<meta property=\"og:image\" content=\"https:\/\/bianka-gause.de\/psychologische-beratung\/wp-content\/uploads\/2021\/01\/Bianka-Gause-1.jpeg\" \/>\n\t<meta property=\"og:image:width\" content=\"233\" \/>\n\t<meta property=\"og:image:height\" content=\"320\" \/>\n\t<meta property=\"og:image:type\" content=\"image\/jpeg\" \/>\n<meta name=\"twitter:card\" content=\"summary_large_image\" \/>\n<meta name=\"twitter:label1\" content=\"Gesch\u00e4tzte Lesezeit\" \/>\n\t<meta name=\"twitter:data1\" content=\"2\u00a0Minuten\" \/>\n<script type=\"application\/ld+json\" class=\"yoast-schema-graph\">{\"@context\":\"https:\\\/\\\/schema.org\",\"@graph\":[{\"@type\":\"WebPage\",\"@id\":\"https:\\\/\\\/bianka-gause.de\\\/psychologische-beratung\\\/\",\"url\":\"https:\\\/\\\/bianka-gause.de\\\/psychologische-beratung\\\/\",\"name\":\"Psychologische Beratung Hamburg. Ich h\u00f6re Ihnen zu.\",\"isPartOf\":{\"@id\":\"https:\\\/\\\/bianka-gause.de\\\/psychologische-beratung\\\/#website\"},\"primaryImageOfPage\":{\"@id\":\"https:\\\/\\\/bianka-gause.de\\\/psychologische-beratung\\\/#primaryimage\"},\"image\":{\"@id\":\"https:\\\/\\\/bianka-gause.de\\\/psychologische-beratung\\\/#primaryimage\"},\"thumbnailUrl\":\"https:\\\/\\\/bianka-gause.de\\\/psychologische-beratung\\\/wp-content\\\/uploads\\\/2021\\\/01\\\/Bianka-Gause-1.jpeg\",\"datePublished\":\"2021-01-06T17:48:14+00:00\",\"dateModified\":\"2025-05-12T19:09:55+00:00\",\"description\":\"Sie befinden sich in einer schwierigen Phase? Ich h\u00f6re Ihnen zu und begleite Sie emphatisch und professionell durch Ihre Situation.\",\"breadcrumb\":{\"@id\":\"https:\\\/\\\/bianka-gause.de\\\/psychologische-beratung\\\/#breadcrumb\"},\"inLanguage\":\"de\",\"potentialAction\":[{\"@type\":\"ReadAction\",\"target\":[\"https:\\\/\\\/bianka-gause.de\\\/psychologische-beratung\\\/\"]}]},{\"@type\":\"ImageObject\",\"inLanguage\":\"de\",\"@id\":\"https:\\\/\\\/bianka-gause.de\\\/psychologische-beratung\\\/#primaryimage\",\"url\":\"https:\\\/\\\/bianka-gause.de\\\/psychologische-beratung\\\/wp-content\\\/uploads\\\/2021\\\/01\\\/Bianka-Gause-1.jpeg\",\"contentUrl\":\"https:\\\/\\\/bianka-gause.de\\\/psychologische-beratung\\\/wp-content\\\/uploads\\\/2021\\\/01\\\/Bianka-Gause-1.jpeg\",\"width\":233,\"height\":320,\"caption\":\"Psychologische Beratung Bianka Gause Hamburg Eimsb\u00fcttel\"},{\"@type\":\"BreadcrumbList\",\"@id\":\"https:\\\/\\\/bianka-gause.de\\\/psychologische-beratung\\\/#breadcrumb\",\"itemListElement\":[{\"@type\":\"ListItem\",\"position\":1,\"name\":\"Startseite\",\"item\":\"https:\\\/\\\/bianka-gause.de\\\/psychologische-beratung\\\/\"},{\"@type\":\"ListItem\",\"position\":2,\"name\":\"Psychologische Beratung Hamburg. Ich h\u00f6re Ihnen zu.\"}]},{\"@type\":\"WebSite\",\"@id\":\"https:\\\/\\\/bianka-gause.de\\\/psychologische-beratung\\\/#website\",\"url\":\"https:\\\/\\\/bianka-gause.de\\\/psychologische-beratung\\\/\",\"name\":\"Bianka Gause Psychologische Beratung in Hamburg Eimsb\u00fcttel\",\"description\":\"Ich h\u00f6re Ihnen zu.\",\"publisher\":{\"@id\":\"https:\\\/\\\/bianka-gause.de\\\/psychologische-beratung\\\/#\\\/schema\\\/person\\\/34f80142b450ce89933b08bd5a0b172d\"},\"potentialAction\":[{\"@type\":\"SearchAction\",\"target\":{\"@type\":\"EntryPoint\",\"urlTemplate\":\"https:\\\/\\\/bianka-gause.de\\\/psychologische-beratung\\\/?s={search_term_string}\"},\"query-input\":{\"@type\":\"PropertyValueSpecification\",\"valueRequired\":true,\"valueName\":\"search_term_string\"}}],\"inLanguage\":\"de\"},{\"@type\":[\"Person\",\"Organization\"],\"@id\":\"https:\\\/\\\/bianka-gause.de\\\/psychologische-beratung\\\/#\\\/schema\\\/person\\\/34f80142b450ce89933b08bd5a0b172d\",\"name\":\"Bianka Gause\",\"image\":{\"@type\":\"ImageObject\",\"inLanguage\":\"de\",\"@id\":\"https:\\\/\\\/bianka-gause.de\\\/psychologische-beratung\\\/wp-content\\\/uploads\\\/2021\\\/01\\\/Bianka-Gause-1.jpeg\",\"url\":\"https:\\\/\\\/bianka-gause.de\\\/psychologische-beratung\\\/wp-content\\\/uploads\\\/2021\\\/01\\\/Bianka-Gause-1.jpeg\",\"contentUrl\":\"https:\\\/\\\/bianka-gause.de\\\/psychologische-beratung\\\/wp-content\\\/uploads\\\/2021\\\/01\\\/Bianka-Gause-1.jpeg\",\"width\":233,\"height\":320,\"caption\":\"Bianka Gause\"},\"logo\":{\"@id\":\"https:\\\/\\\/bianka-gause.de\\\/psychologische-beratung\\\/wp-content\\\/uploads\\\/2021\\\/01\\\/Bianka-Gause-1.jpeg\"},\"sameAs\":[\"https:\\\/\\\/bianka-gause.de\\\/psychologische-beratung\"]}]}<\/script>\n<!-- \/ Yoast SEO plugin. -->","yoast_head_json":{"title":"Psychologische Beratung Hamburg. Ich h\u00f6re Ihnen zu.","description":"Sie befinden sich in einer schwierigen Phase? Ich h\u00f6re Ihnen zu und begleite Sie emphatisch und professionell durch Ihre Situation.","robots":{"index":"index","follow":"follow","max-snippet":"max-snippet:-1","max-image-preview":"max-image-preview:large","max-video-preview":"max-video-preview:-1"},"canonical":"https:\/\/bianka-gause.de\/psychologische-beratung\/","og_locale":"de_DE","og_type":"article","og_title":"Psychologische Beratung Hamburg. Ich h\u00f6re Ihnen zu.","og_description":"Sie befinden sich in einer schwierigen Phase? Ich h\u00f6re Ihnen zu und begleite Sie emphatisch und professionell durch Ihre Situation.","og_url":"https:\/\/bianka-gause.de\/psychologische-beratung\/","og_site_name":"Bianka Gause Psychologische Beratung in Hamburg Eimsb\u00fcttel","article_modified_time":"2025-05-12T19:09:55+00:00","og_image":[{"width":233,"height":320,"url":"https:\/\/bianka-gause.de\/psychologische-beratung\/wp-content\/uploads\/2021\/01\/Bianka-Gause-1.jpeg","type":"image\/jpeg"}],"twitter_card":"summary_large_image","twitter_misc":{"Gesch\u00e4tzte Lesezeit":"2\u00a0Minuten"},"schema":{"@context":"https:\/\/schema.org","@graph":[{"@type":"WebPage","@id":"https:\/\/bianka-gause.de\/psychologische-beratung\/","url":"https:\/\/bianka-gause.de\/psychologische-beratung\/","name":"Psychologische Beratung Hamburg. Ich h\u00f6re Ihnen zu.","isPartOf":{"@id":"https:\/\/bianka-gause.de\/psychologische-beratung\/#website"},"primaryImageOfPage":{"@id":"https:\/\/bianka-gause.de\/psychologische-beratung\/#primaryimage"},"image":{"@id":"https:\/\/bianka-gause.de\/psychologische-beratung\/#primaryimage"},"thumbnailUrl":"https:\/\/bianka-gause.de\/psychologische-beratung\/wp-content\/uploads\/2021\/01\/Bianka-Gause-1.jpeg","datePublished":"2021-01-06T17:48:14+00:00","dateModified":"2025-05-12T19:09:55+00:00","description":"Sie befinden sich in einer schwierigen Phase? Ich h\u00f6re Ihnen zu und begleite Sie emphatisch und professionell durch Ihre Situation.","breadcrumb":{"@id":"https:\/\/bianka-gause.de\/psychologische-beratung\/#breadcrumb"},"inLanguage":"de","potentialAction":[{"@type":"ReadAction","target":["https:\/\/bianka-gause.de\/psychologische-beratung\/"]}]},{"@type":"ImageObject","inLanguage":"de","@id":"https:\/\/bianka-gause.de\/psychologische-beratung\/#primaryimage","url":"https:\/\/bianka-gause.de\/psychologische-beratung\/wp-content\/uploads\/2021\/01\/Bianka-Gause-1.jpeg","contentUrl":"https:\/\/bianka-gause.de\/psychologische-beratung\/wp-content\/uploads\/2021\/01\/Bianka-Gause-1.jpeg","width":233,"height":320,"caption":"Psychologische Beratung Bianka Gause Hamburg Eimsb\u00fcttel"},{"@type":"BreadcrumbList","@id":"https:\/\/bianka-gause.de\/psychologische-beratung\/#breadcrumb","itemListElement":[{"@type":"ListItem","position":1,"name":"Startseite","item":"https:\/\/bianka-gause.de\/psychologische-beratung\/"},{"@type":"ListItem","position":2,"name":"Psychologische Beratung Hamburg. Ich h\u00f6re Ihnen zu."}]},{"@type":"WebSite","@id":"https:\/\/bianka-gause.de\/psychologische-beratung\/#website","url":"https:\/\/bianka-gause.de\/psychologische-beratung\/","name":"Bianka Gause Psychologische Beratung in Hamburg Eimsb\u00fcttel","description":"Ich h\u00f6re Ihnen zu.","publisher":{"@id":"https:\/\/bianka-gause.de\/psychologische-beratung\/#\/schema\/person\/34f80142b450ce89933b08bd5a0b172d"},"potentialAction":[{"@type":"SearchAction","target":{"@type":"EntryPoint","urlTemplate":"https:\/\/bianka-gause.de\/psychologische-beratung\/?s={search_term_string}"},"query-input":{"@type":"PropertyValueSpecification","valueRequired":true,"valueName":"search_term_string"}}],"inLanguage":"de"},{"@type":["Person","Organization"],"@id":"https:\/\/bianka-gause.de\/psychologische-beratung\/#\/schema\/person\/34f80142b450ce89933b08bd5a0b172d","name":"Bianka Gause","image":{"@type":"ImageObject","inLanguage":"de","@id":"https:\/\/bianka-gause.de\/psychologische-beratung\/wp-content\/uploads\/2021\/01\/Bianka-Gause-1.jpeg","url":"https:\/\/bianka-gause.de\/psychologische-beratung\/wp-content\/uploads\/2021\/01\/Bianka-Gause-1.jpeg","contentUrl":"https:\/\/bianka-gause.de\/psychologische-beratung\/wp-content\/uploads\/2021\/01\/Bianka-Gause-1.jpeg","width":233,"height":320,"caption":"Bianka Gause"},"logo":{"@id":"https:\/\/bianka-gause.de\/psychologische-beratung\/wp-content\/uploads\/2021\/01\/Bianka-Gause-1.jpeg"},"sameAs":["https:\/\/bianka-gause.de\/psychologische-beratung"]}]}},"_links":{"self":[{"href":"https:\/\/bianka-gause.de\/psychologische-beratung\/wp-json\/wp\/v2\/pages\/2","targetHints":{"allow":["GET"]}}],"collection":[{"href":"https:\/\/bianka-gause.de\/psychologische-beratung\/wp-json\/wp\/v2\/pages"}],"about":[{"href":"https:\/\/bianka-gause.de\/psychologische-beratung\/wp-json\/wp\/v2\/types\/page"}],"author":[{"embeddable":true,"href":"https:\/\/bianka-gause.de\/psychologische-beratung\/wp-json\/wp\/v2\/users\/2"}],"replies":[{"embeddable":true,"href":"https:\/\/bianka-gause.de\/psychologische-beratung\/wp-json\/wp\/v2\/comments?post=2"}],"version-history":[{"count":1,"href":"https:\/\/bianka-gause.de\/psychologische-beratung\/wp-json\/wp\/v2\/pages\/2\/revisions"}],"predecessor-version":[{"id":202,"href":"https:\/\/bianka-gause.de\/psychologische-beratung\/wp-json\/wp\/v2\/pages\/2\/revisions\/202"}],"wp:attachment":[{"href":"https:\/\/bianka-gause.de\/psychologische-beratung\/wp-json\/wp\/v2\/media?parent=2"}],"curies":[{"name":"wp","href":"https:\/\/api.w.org\/{rel}","templated":true}]}}